{"id":8246,"date":"2025-04-29T12:31:59","date_gmt":"2025-04-29T17:31:59","guid":{"rendered":"https:\/\/eco-yen.com\/?post_type=product&#038;p=8246"},"modified":"2025-04-30T13:35:48","modified_gmt":"2025-04-30T18:35:48","slug":"silla-de-ruedas-electrica-ew8014","status":"publish","type":"product","link":"https:\/\/eco-yen.com\/en\/tienda\/silla-de-ruedas-electrica-ew8014\/","title":{"rendered":"Silla de Ruedas El\u00e9ctrica EW8014"},"content":{"rendered":"<p>\u2022 Silla de Ruedas plegable con asiento acolchonado<br \/>\n\u2022 Joystick 360\u00b0, maneja tu silla con un solo dedo.<br \/>\n\u2022 Estructura resistente de acero carbono, con dise\u00f1o moderno.<br \/>\n\u2022 Carga m\u00e1x de 150 kg.<br \/>\n\u2022 Velocidad m\u00e1x de 6km\/h.<br \/>\n\u2022 Velocidad min de 1km\/h.<br \/>\n\u2022 Doble motor que pasa con facilidad sobre pasto, bordes, pendientes, no queremos que te detengas.<br \/>\n\u2022 Carga tu bater\u00eda en tan s\u00f3lo 8 horas y obt\u00e9n una autonom\u00eda de hasta 20km aproximadamente, puede variar dependiendo de factores como peso y velocidad.<br \/>\n\u2022 Garant\u00eda de f\u00e1brica:12 meses (la bater\u00eda y los neum\u00e1ticos no est\u00e1n cubiertos por la garant\u00eda).<\/p>","protected":false},"excerpt":{"rendered":"<p>\u2022 Silla de Ruedas plegable con asiento acolchonado \u2022 Joystick 360\u00b0, maneja tu silla con un solo dedo. \u2022 Estructura resistente de acero carbono, con dise\u00f1o moderno. \u2022 Carga m\u00e1x de 150 kg. \u2022 Velocidad m\u00e1x de 6km\/h. \u2022 Velocidad min de 1km\/h. \u2022 Doble motor que pasa con facilidad sobre pasto, bordes, pendientes, no &hellip; <\/p>\n<p class=\"more-link-wrap\"><a href=\"https:\/\/eco-yen.com\/en\/tienda\/silla-de-ruedas-electrica-ew8014\/\" class=\"more-link\"><i class=\"opal-icon-plus\" aria-hidden=\"true\"><\/i><span>Read More<span class=\"screen-reader-text\"> &#8220;Silla de Ruedas El\u00e9ctrica EW8014&#8221;<\/span><\/span><\/a><\/p>","protected":false},"featured_media":8289,"comment_status":"open","ping_status":"closed","template":"","meta":{"inline_featured_image":false},"product_brand":[],"product_cat":[89],"product_tag":[],"class_list":{"0":"post-8246","1":"product","2":"type-product","3":"status-publish","4":"has-post-thumbnail","6":"product_cat-sillas-de-ruedas-electricas","8":"first","9":"instock","10":"shipping-taxable","11":"purchasable","12":"product-type-simple"},"_links":{"self":[{"href":"https:\/\/eco-yen.com\/en\/wp-json\/wp\/v2\/product\/8246","targetHints":{"allow":["GET"]}}],"collection":[{"href":"https:\/\/eco-yen.com\/en\/wp-json\/wp\/v2\/product"}],"about":[{"href":"https:\/\/eco-yen.com\/en\/wp-json\/wp\/v2\/types\/product"}],"replies":[{"embeddable":true,"href":"https:\/\/eco-yen.com\/en\/wp-json\/wp\/v2\/comments?post=8246"}],"wp:featuredmedia":[{"embeddable":true,"href":"https:\/\/eco-yen.com\/en\/wp-json\/wp\/v2\/media\/8289"}],"wp:attachment":[{"href":"https:\/\/eco-yen.com\/en\/wp-json\/wp\/v2\/media?parent=8246"}],"wp:term":[{"taxonomy":"product_brand","embeddable":true,"href":"https:\/\/eco-yen.com\/en\/wp-json\/wp\/v2\/product_brand?post=8246"},{"taxonomy":"product_cat","embeddable":true,"href":"https:\/\/eco-yen.com\/en\/wp-json\/wp\/v2\/product_cat?post=8246"},{"taxonomy":"product_tag","embeddable":true,"href":"https:\/\/eco-yen.com\/en\/wp-json\/wp\/v2\/product_tag?post=8246"}],"curies":[{"name":"wp","href":"https:\/\/api.w.org\/{rel}","templated":true}]}}