{"id":8294,"date":"2025-04-30T09:26:15","date_gmt":"2025-04-30T14:26:15","guid":{"rendered":"https:\/\/eco-yen.com\/?post_type=product&#038;p=8294"},"modified":"2025-04-30T13:37:12","modified_gmt":"2025-04-30T18:37:12","slug":"silla-asiento-dual-para-regadera","status":"publish","type":"product","link":"https:\/\/eco-yen.com\/en\/tienda\/silla-asiento-dual-para-regadera\/","title":{"rendered":"Silla Asiento Dual para Regadera"},"content":{"rendered":"<p>\u2022SILLA DE BA\u00d1O ANTIDESLIZANTE: las patas de la silla est\u00e1n equipadas con grandes ventosas antideslizantes, y el coj\u00edn del asiento tambi\u00e9n est\u00e1 dise\u00f1ado con antideslizante, y la superficie es porosa y drenable para evitar accidentes. Fabricado con materiales compuestos de alta calidad, con una capacidad de carga de hasta 150 kg, es seguro y duradero<br \/>\n\u2022A PRUEBA DE HUMEDAD Y \u2022ANTIBACTERIANO: el coj\u00edn del asiento, el respaldo y los reposabrazos est\u00e1n dise\u00f1ados con tecnolog\u00eda antibacteriana para evitar la corrosi\u00f3n debida al contacto con el agua, brindar protecci\u00f3n integral e inhibir el crecimiento de bacterias, moho y olores<br \/>\n6 ALTURAS AJUSTABLES:y se puede ajustar de manera flexible para adaptarse a usuarios de diferentes edades y alturas.garantia 3 meses<\/p>","protected":false},"excerpt":{"rendered":"<p>\u2022SILLA DE BA\u00d1O ANTIDESLIZANTE: las patas de la silla est\u00e1n equipadas con grandes ventosas antideslizantes, y el coj\u00edn del asiento tambi\u00e9n est\u00e1 dise\u00f1ado con antideslizante, y la superficie es porosa y drenable para evitar accidentes. Fabricado con materiales compuestos de alta calidad, con una capacidad de carga de hasta 150 kg, es seguro y duradero &hellip; <\/p>\n<p class=\"more-link-wrap\"><a href=\"https:\/\/eco-yen.com\/en\/tienda\/silla-asiento-dual-para-regadera\/\" class=\"more-link\"><i class=\"opal-icon-plus\" aria-hidden=\"true\"><\/i><span>Read More<span class=\"screen-reader-text\"> &#8220;Silla Asiento Dual para Regadera&#8221;<\/span><\/span><\/a><\/p>","protected":false},"featured_media":8295,"comment_status":"open","ping_status":"closed","template":"","meta":{"inline_featured_image":false},"product_brand":[],"product_cat":[90],"product_tag":[],"class_list":{"0":"post-8294","1":"product","2":"type-product","3":"status-publish","4":"has-post-thumbnail","6":"product_cat-sillas-para-regadera","8":"first","9":"instock","10":"shipping-taxable","11":"purchasable","12":"product-type-simple"},"_links":{"self":[{"href":"https:\/\/eco-yen.com\/en\/wp-json\/wp\/v2\/product\/8294","targetHints":{"allow":["GET"]}}],"collection":[{"href":"https:\/\/eco-yen.com\/en\/wp-json\/wp\/v2\/product"}],"about":[{"href":"https:\/\/eco-yen.com\/en\/wp-json\/wp\/v2\/types\/product"}],"replies":[{"embeddable":true,"href":"https:\/\/eco-yen.com\/en\/wp-json\/wp\/v2\/comments?post=8294"}],"wp:featuredmedia":[{"embeddable":true,"href":"https:\/\/eco-yen.com\/en\/wp-json\/wp\/v2\/media\/8295"}],"wp:attachment":[{"href":"https:\/\/eco-yen.com\/en\/wp-json\/wp\/v2\/media?parent=8294"}],"wp:term":[{"taxonomy":"product_brand","embeddable":true,"href":"https:\/\/eco-yen.com\/en\/wp-json\/wp\/v2\/product_brand?post=8294"},{"taxonomy":"product_cat","embeddable":true,"href":"https:\/\/eco-yen.com\/en\/wp-json\/wp\/v2\/product_cat?post=8294"},{"taxonomy":"product_tag","embeddable":true,"href":"https:\/\/eco-yen.com\/en\/wp-json\/wp\/v2\/product_tag?post=8294"}],"curies":[{"name":"wp","href":"https:\/\/api.w.org\/{rel}","templated":true}]}}