{"id":8296,"date":"2025-04-30T09:29:13","date_gmt":"2025-04-30T14:29:13","guid":{"rendered":"https:\/\/eco-yen.com\/?post_type=product&#038;p=8296"},"modified":"2025-04-30T13:37:25","modified_gmt":"2025-04-30T18:37:25","slug":"silla-con-comodo","status":"publish","type":"product","link":"https:\/\/eco-yen.com\/en\/tienda\/silla-con-comodo\/","title":{"rendered":"Silla con C\u00f3modo"},"content":{"rendered":"<p>\u2022 3 en 1 Nanofort es ideal para personas discapacitadas o de la tercera edad, sus funciones son: silla auxiliar para ducha, ba\u00f1o port\u00e1til porque cuenta con c\u00f3modo y silla sobre inodoro. Transportar a la persona que lo necesita es muy f\u00e1cil y c\u00f3modo con la silla de ruedas para ba\u00f1o.<br \/>\n\u2022LOS MATERIALES de la silla con inodoro son de alta calidad, soporta hasta 136 kg de peso. La estructura es de aluminio y lo dem\u00e1s es de pl\u00e1stico con acabado rugoso para otorgar mayor seguridad al usuario.<br \/>\n\u2022EL MODELO de la silla con comodo cuenta con reposabrazos fijos y un gancho de aluminio de 20cm, ideal para poner toallas, papel higi\u00e9nico o cualquier accesorio del usuario, \u2022garantia 3 meses<\/p>","protected":false},"excerpt":{"rendered":"<p>\u2022 3 en 1 Nanofort es ideal para personas discapacitadas o de la tercera edad, sus funciones son: silla auxiliar para ducha, ba\u00f1o port\u00e1til porque cuenta con c\u00f3modo y silla sobre inodoro. Transportar a la persona que lo necesita es muy f\u00e1cil y c\u00f3modo con la silla de ruedas para ba\u00f1o. \u2022LOS MATERIALES de la &hellip; <\/p>\n<p class=\"more-link-wrap\"><a href=\"https:\/\/eco-yen.com\/en\/tienda\/silla-con-comodo\/\" class=\"more-link\"><i class=\"opal-icon-plus\" aria-hidden=\"true\"><\/i><span>Read More<span class=\"screen-reader-text\"> &#8220;Silla con C\u00f3modo&#8221;<\/span><\/span><\/a><\/p>","protected":false},"featured_media":8297,"comment_status":"open","ping_status":"closed","template":"","meta":{"inline_featured_image":false},"product_brand":[],"product_cat":[90],"product_tag":[],"class_list":{"0":"post-8296","1":"product","2":"type-product","3":"status-publish","4":"has-post-thumbnail","6":"product_cat-sillas-para-regadera","8":"first","9":"instock","10":"shipping-taxable","11":"purchasable","12":"product-type-simple"},"_links":{"self":[{"href":"https:\/\/eco-yen.com\/en\/wp-json\/wp\/v2\/product\/8296","targetHints":{"allow":["GET"]}}],"collection":[{"href":"https:\/\/eco-yen.com\/en\/wp-json\/wp\/v2\/product"}],"about":[{"href":"https:\/\/eco-yen.com\/en\/wp-json\/wp\/v2\/types\/product"}],"replies":[{"embeddable":true,"href":"https:\/\/eco-yen.com\/en\/wp-json\/wp\/v2\/comments?post=8296"}],"wp:featuredmedia":[{"embeddable":true,"href":"https:\/\/eco-yen.com\/en\/wp-json\/wp\/v2\/media\/8297"}],"wp:attachment":[{"href":"https:\/\/eco-yen.com\/en\/wp-json\/wp\/v2\/media?parent=8296"}],"wp:term":[{"taxonomy":"product_brand","embeddable":true,"href":"https:\/\/eco-yen.com\/en\/wp-json\/wp\/v2\/product_brand?post=8296"},{"taxonomy":"product_cat","embeddable":true,"href":"https:\/\/eco-yen.com\/en\/wp-json\/wp\/v2\/product_cat?post=8296"},{"taxonomy":"product_tag","embeddable":true,"href":"https:\/\/eco-yen.com\/en\/wp-json\/wp\/v2\/product_tag?post=8296"}],"curies":[{"name":"wp","href":"https:\/\/api.w.org\/{rel}","templated":true}]}}