{"id":8300,"date":"2025-04-30T09:32:29","date_gmt":"2025-04-30T14:32:29","guid":{"rendered":"https:\/\/eco-yen.com\/?post_type=product&#038;p=8300"},"modified":"2025-04-30T13:37:39","modified_gmt":"2025-04-30T18:37:39","slug":"silla-curva-para-regadera","status":"publish","type":"product","link":"https:\/\/eco-yen.com\/en\/tienda\/silla-curva-para-regadera\/","title":{"rendered":"Silla Curva para Regadera"},"content":{"rendered":"<p>Estructura mec\u00e1nica resistente: con patas angulares obtuse y marco de aluminio anodizado resistente y ventosa grande, nuestro taburete puede soportar hasta 150 kg. Tambi\u00e9n reduce el 90% de agitaci\u00f3n, totalmente sin doblarse, sin deslizamiento para proporcionar estabilidad y robustez.<br \/>\nMontaje sin herramientas y f\u00e1cil de usar: se monta f\u00e1cilmente en minutos, no requiere herramientas. con mango integrado, este taburete es ligero y port\u00e1til para entrar o salir de la ba\u00f1era.garantia 3 meses<\/p>","protected":false},"excerpt":{"rendered":"<p>Estructura mec\u00e1nica resistente: con patas angulares obtuse y marco de aluminio anodizado resistente y ventosa grande, nuestro taburete puede soportar hasta 150 kg. Tambi\u00e9n reduce el 90% de agitaci\u00f3n, totalmente sin doblarse, sin deslizamiento para proporcionar estabilidad y robustez. Montaje sin herramientas y f\u00e1cil de usar: se monta f\u00e1cilmente en minutos, no requiere herramientas. con &hellip; <\/p>\n<p class=\"more-link-wrap\"><a href=\"https:\/\/eco-yen.com\/en\/tienda\/silla-curva-para-regadera\/\" class=\"more-link\"><i class=\"opal-icon-plus\" aria-hidden=\"true\"><\/i><span>Read More<span class=\"screen-reader-text\"> &#8220;Silla Curva para Regadera&#8221;<\/span><\/span><\/a><\/p>","protected":false},"featured_media":8301,"comment_status":"open","ping_status":"closed","template":"","meta":{"inline_featured_image":false},"product_brand":[],"product_cat":[90],"product_tag":[],"class_list":{"0":"post-8300","1":"product","2":"type-product","3":"status-publish","4":"has-post-thumbnail","6":"product_cat-sillas-para-regadera","8":"first","9":"instock","10":"shipping-taxable","11":"purchasable","12":"product-type-simple"},"_links":{"self":[{"href":"https:\/\/eco-yen.com\/en\/wp-json\/wp\/v2\/product\/8300","targetHints":{"allow":["GET"]}}],"collection":[{"href":"https:\/\/eco-yen.com\/en\/wp-json\/wp\/v2\/product"}],"about":[{"href":"https:\/\/eco-yen.com\/en\/wp-json\/wp\/v2\/types\/product"}],"replies":[{"embeddable":true,"href":"https:\/\/eco-yen.com\/en\/wp-json\/wp\/v2\/comments?post=8300"}],"wp:featuredmedia":[{"embeddable":true,"href":"https:\/\/eco-yen.com\/en\/wp-json\/wp\/v2\/media\/8301"}],"wp:attachment":[{"href":"https:\/\/eco-yen.com\/en\/wp-json\/wp\/v2\/media?parent=8300"}],"wp:term":[{"taxonomy":"product_brand","embeddable":true,"href":"https:\/\/eco-yen.com\/en\/wp-json\/wp\/v2\/product_brand?post=8300"},{"taxonomy":"product_cat","embeddable":true,"href":"https:\/\/eco-yen.com\/en\/wp-json\/wp\/v2\/product_cat?post=8300"},{"taxonomy":"product_tag","embeddable":true,"href":"https:\/\/eco-yen.com\/en\/wp-json\/wp\/v2\/product_tag?post=8300"}],"curies":[{"name":"wp","href":"https:\/\/api.w.org\/{rel}","templated":true}]}}