{"id":8302,"date":"2025-04-30T10:00:11","date_gmt":"2025-04-30T15:00:11","guid":{"rendered":"https:\/\/eco-yen.com\/?post_type=product&#038;p=8302"},"modified":"2025-04-30T13:37:53","modified_gmt":"2025-04-30T18:37:53","slug":"silla-de-bano-giratoria-360","status":"publish","type":"product","link":"https:\/\/eco-yen.com\/en\/tienda\/silla-de-bano-giratoria-360\/","title":{"rendered":"Silla de Ba\u00f1o Giratoria 360"},"content":{"rendered":"<p>\u2022Altura adyucable: la altura de nuestro asiento de ducha se puede ajustar de 16 a 19 pulgadas, soporta hasta 400 libras por su marco de aleaci\u00f3n de aluminio grueso resistente a la corrosi\u00f3n.<br \/>\n\u2022 modos y giratorio de 360\u00b0: con respaldo extra\u00edble, piernas, reposabrazos y nuestro asiento de ba\u00f1o puede adaptarse a varias necesidades del usuario y tipos de cuerpo, y girar un 360\u00b0 completo en incrementos de 90\u00b0 para una m\u00e1xima seguridad.<br \/>\n\u2022Toma la ducha de forma segura: con nuestro reposabrazos acolchado grueso, almohadillas de goma antideslizantes grandes, m\u00faltiples agujeros de drenaje, esta silla de ba\u00f1o proporcionar\u00e1 comodidad y seguridad cuando se ducha, especialmente para personas mayores, embarazadas, personas con movilidad limitada. \u2022Los reposabrazos se pueden levantar. \u2022garantia 3 meses<\/p>","protected":false},"excerpt":{"rendered":"<p>\u2022Altura adyucable: la altura de nuestro asiento de ducha se puede ajustar de 16 a 19 pulgadas, soporta hasta 400 libras por su marco de aleaci\u00f3n de aluminio grueso resistente a la corrosi\u00f3n. \u2022 modos y giratorio de 360\u00b0: con respaldo extra\u00edble, piernas, reposabrazos y nuestro asiento de ba\u00f1o puede adaptarse a varias necesidades del &hellip; <\/p>\n<p class=\"more-link-wrap\"><a href=\"https:\/\/eco-yen.com\/en\/tienda\/silla-de-bano-giratoria-360\/\" class=\"more-link\"><i class=\"opal-icon-plus\" aria-hidden=\"true\"><\/i><span>Read More<span class=\"screen-reader-text\"> &#8220;Silla de Ba\u00f1o Giratoria 360&#8221;<\/span><\/span><\/a><\/p>","protected":false},"featured_media":8303,"comment_status":"open","ping_status":"closed","template":"","meta":{"inline_featured_image":false},"product_brand":[],"product_cat":[90],"product_tag":[],"class_list":{"0":"post-8302","1":"product","2":"type-product","3":"status-publish","4":"has-post-thumbnail","6":"product_cat-sillas-para-regadera","8":"first","9":"instock","10":"shipping-taxable","11":"purchasable","12":"product-type-simple"},"_links":{"self":[{"href":"https:\/\/eco-yen.com\/en\/wp-json\/wp\/v2\/product\/8302","targetHints":{"allow":["GET"]}}],"collection":[{"href":"https:\/\/eco-yen.com\/en\/wp-json\/wp\/v2\/product"}],"about":[{"href":"https:\/\/eco-yen.com\/en\/wp-json\/wp\/v2\/types\/product"}],"replies":[{"embeddable":true,"href":"https:\/\/eco-yen.com\/en\/wp-json\/wp\/v2\/comments?post=8302"}],"wp:featuredmedia":[{"embeddable":true,"href":"https:\/\/eco-yen.com\/en\/wp-json\/wp\/v2\/media\/8303"}],"wp:attachment":[{"href":"https:\/\/eco-yen.com\/en\/wp-json\/wp\/v2\/media?parent=8302"}],"wp:term":[{"taxonomy":"product_brand","embeddable":true,"href":"https:\/\/eco-yen.com\/en\/wp-json\/wp\/v2\/product_brand?post=8302"},{"taxonomy":"product_cat","embeddable":true,"href":"https:\/\/eco-yen.com\/en\/wp-json\/wp\/v2\/product_cat?post=8302"},{"taxonomy":"product_tag","embeddable":true,"href":"https:\/\/eco-yen.com\/en\/wp-json\/wp\/v2\/product_tag?post=8302"}],"curies":[{"name":"wp","href":"https:\/\/api.w.org\/{rel}","templated":true}]}}